{"id":61,"date":"2016-12-15T19:39:06","date_gmt":"2016-12-15T19:39:06","guid":{"rendered":"http:\/\/zenshiatsu-praxis.ch\/WordPress\/?page_id=61"},"modified":"2016-12-18T06:00:44","modified_gmt":"2016-12-18T06:00:44","slug":"ueber-mich","status":"publish","type":"page","link":"https:\/\/zenshiatsu-praxis.ch\/WordPress\/ueber-mich\/","title":{"rendered":"\u00dcber mich"},"content":{"rendered":"<h1>\u00dcber mich<\/h1>\n<p><img decoding=\"async\" loading=\"lazy\" class=\" wp-image-95 alignleft\" src=\"http:\/\/zenshiatsu-praxis.ch\/WordPress\/wp-content\/uploads\/2016\/12\/passfoto-walter-bearbeitet-225x300.jpg\" alt=\"\" width=\"178\" height=\"237\" srcset=\"https:\/\/zenshiatsu-praxis.ch\/WordPress\/wp-content\/uploads\/2016\/12\/passfoto-walter-bearbeitet-225x300.jpg 225w, https:\/\/zenshiatsu-praxis.ch\/WordPress\/wp-content\/uploads\/2016\/12\/passfoto-walter-bearbeitet.jpg 768w\" sizes=\"(max-width: 178px) 100vw, 178px\" \/>Schon lange bevor ich meine Ausbildung als Shiatsutherapeut begann, habe ich erfahren, wie wohltuend und wegweisend Shiatsu sein kann. W\u00e4hrend einer schwierigen Lebensphase hat mich ein Shiatsutherapeut \u00fcber mehrere Sitzungen begleitet. Diese Shiatsubehandlungen haben mich im wahrsten Sinne des Wortes ber\u00fchrt und mich bewegt, im Leben wieder Fuss zu fassen. Die guten Erfahrungen die ich mit Shiatsu machte, waren ausschlaggebend, dass ich sp\u00e4ter mit der Ausbildung als Shiatsutherapeut begann. Seither begleitet, ber\u00fchrt, und bewegt mich Shiatsu in meinem Leben.<\/p>\n<p>Die Shiatsu-Ausbildung absolvierte ich von 2002 bis 2008 am Europ\u00e4ischen Shiatsu Institut (ESI) in Bern, Basel, Z\u00fcrich, Berlin und Wien. Seither fortlaufende Weiterbildungen.<\/p>\n<p>Ich besuchte auch Fortbildungen in verschiedenen Arten der K\u00f6rperarbeit: Feldenkrais, Massage, Tanz und Bewegung bei Ursula Stricker sowie Ideokinese bei Andr\u00e9 Bernard in Bern. Ausserdem tanze ich seit vielen Jahren argentinischen Tango.<\/p>\n<p>Derzeit arbeite ich als dipl. Sozialp\u00e4dagoge in einem Wohnheim f\u00fcr leicht geistig behinderte Menschen.<\/p>\n<p>Vor der Ausbildung zum Sozialp\u00e4dagogen war ich in einem handwerklichen Beruf t\u00e4tig. Zudem habe ich mich mit Schauspiel und Tanz auseinandergesetzt. Nach dem Besuch der Theaterschule Jacques Lecoq in Paris folgten Auftritte in verschiedenen Produktionen.<\/p>\n","protected":false},"excerpt":{"rendered":"<p>\u00dcber mich Schon lange bevor ich meine Ausbildung als Shiatsutherapeut begann, habe ich erfahren, wie wohltuend und wegweisend Shiatsu sein kann. W\u00e4hrend einer schwierigen Lebensphase hat mich ein Shiatsutherapeut \u00fcber mehrere Sitzungen begleitet. Diese Shiatsubehandlungen haben mich im wahrsten Sinne des Wortes ber\u00fchrt und mich bewegt, im Leben wieder Fuss zu fassen. Die guten Erfahrungen [&hellip;]<\/p>\n","protected":false},"author":1,"featured_media":0,"parent":0,"menu_order":0,"comment_status":"closed","ping_status":"closed","template":"","meta":[],"_links":{"self":[{"href":"https:\/\/zenshiatsu-praxis.ch\/WordPress\/wp-json\/wp\/v2\/pages\/61"}],"collection":[{"href":"https:\/\/zenshiatsu-praxis.ch\/WordPress\/wp-json\/wp\/v2\/pages"}],"about":[{"href":"https:\/\/zenshiatsu-praxis.ch\/WordPress\/wp-json\/wp\/v2\/types\/page"}],"author":[{"embeddable":true,"href":"https:\/\/zenshiatsu-praxis.ch\/WordPress\/wp-json\/wp\/v2\/users\/1"}],"replies":[{"embeddable":true,"href":"https:\/\/zenshiatsu-praxis.ch\/WordPress\/wp-json\/wp\/v2\/comments?post=61"}],"version-history":[{"count":6,"href":"https:\/\/zenshiatsu-praxis.ch\/WordPress\/wp-json\/wp\/v2\/pages\/61\/revisions"}],"predecessor-version":[{"id":98,"href":"https:\/\/zenshiatsu-praxis.ch\/WordPress\/wp-json\/wp\/v2\/pages\/61\/revisions\/98"}],"wp:attachment":[{"href":"https:\/\/zenshiatsu-praxis.ch\/WordPress\/wp-json\/wp\/v2\/media?parent=61"}],"curies":[{"name":"wp","href":"https:\/\/api.w.org\/{rel}","templated":true}]}}